{"id":15,"date":"2023-12-26T18:30:39","date_gmt":"2023-12-26T18:30:39","guid":{"rendered":"http:\/\/resilienceadviserory.wordpress.com\/?page_id=1"},"modified":"2025-01-08T21:20:00","modified_gmt":"2025-01-08T20:20:00","slug":"a-propos","status":"publish","type":"page","link":"https:\/\/resilience-advise.com\/index.php\/a-propos\/","title":{"rendered":"A propos"},"content":{"rendered":"\n<div class=\"wp-block-group alignfull has-ast-global-color-5-background-color has-background\" style=\"padding-top:var(--wp--preset--spacing--50);padding-bottom:var(--wp--preset--spacing--50)\"><div class=\"wp-block-group__inner-container is-layout-flow wp-block-group-is-layout-flow\">\n<div class=\"wp-block-group alignwide\"><div class=\"wp-block-group__inner-container is-layout-constrained wp-block-group-is-layout-constrained\"><div class=\"wp-block-image\">\n<figure class=\"aligncenter size-large is-resized\"><img decoding=\"async\" src=\"https:\/\/resilienceadviserory.files.wordpress.com\/2023\/12\/fond-3.png?w=1024\" alt=\"\" class=\"wp-image-26\" style=\"width:823px;height:auto\"\/><\/figure>\n<\/div>\n\n\n<h2 class=\"wp-block-heading alignwide has-text-align-center has-ast-global-color-2-color has-text-color has-xxx-large-font-size\">Qui sommes-nous ?<\/h2>\n\n\n\n<div class=\"wp-block-group\"><div class=\"wp-block-group__inner-container is-layout-constrained wp-block-group-is-layout-constrained\">\n<p class=\"has-text-align-left\">R\u00e9silience a \u00e9t\u00e9 cr\u00e9\u00e9 en 2023 par une \u00e9quipe disposant d\u2019une longue exp\u00e9rience en strat\u00e9gie d&#8217;organisation, en management et gestion de projets. C&#8217;est plus d&#8217;une vingtaine de missions en Afrique et en Europe, dans les secteurs cl\u00e9s pour le secteur africain.<\/p>\n\n\n\n<p class=\"has-text-align-left\">R\u00e9silience Advisory mobilise des collaborateurs issus des meilleurs formations et des meilleurs cabinets de conseil pour accompagner les organisations internationales, les administrations africaines, les OSC et les entreprises.<\/p>\n\n\n\n<p class=\"has-text-align-left\">R\u00e9silience Advisory travaille \u00e9galement avec des cabinets de conseil de qualit\u00e9 qui oeuvrent sur tout le continent africain notamment The Nexus Lab, LLOG Advisory et Innogence Consulting<\/p>\n<\/div><\/div>\n<\/div><\/div>\n<\/div><\/div>\n","protected":false},"excerpt":{"rendered":"<p>Qui sommes-nous ? R\u00e9silience a \u00e9t\u00e9 cr\u00e9\u00e9 en 2023 par une \u00e9quipe disposant d\u2019une longue exp\u00e9rience en strat\u00e9gie d&#8217;organisation, en management et gestion de projets. C&#8217;est plus d&#8217;une vingtaine de missions en Afrique et en Europe, dans les secteurs cl\u00e9s pour le secteur africain. R\u00e9silience Advisory mobilise des collaborateurs issus des meilleurs formations et des&hellip;&nbsp;<a href=\"https:\/\/resilience-advise.com\/index.php\/a-propos\/\" rel=\"bookmark\">Read More &raquo;<span class=\"screen-reader-text\">A propos<\/span><\/a><\/p>\n","protected":false},"author":1,"featured_media":0,"parent":0,"menu_order":0,"comment_status":"closed","ping_status":"open","template":"","meta":{"neve_meta_sidebar":"","neve_meta_container":"","neve_meta_enable_content_width":"","neve_meta_content_width":0,"neve_meta_title_alignment":"","neve_meta_author_avatar":"","neve_post_elements_order":"","neve_meta_disable_header":"","neve_meta_disable_footer":"","neve_meta_disable_title":"","_themeisle_gutenberg_block_has_review":false,"_ti_tpc_template_sync":false,"_ti_tpc_template_id":"","footnotes":""},"class_list":["post-15","page","type-page","status-publish","hentry"],"_links":{"self":[{"href":"https:\/\/resilience-advise.com\/index.php\/wp-json\/wp\/v2\/pages\/15","targetHints":{"allow":["GET"]}}],"collection":[{"href":"https:\/\/resilience-advise.com\/index.php\/wp-json\/wp\/v2\/pages"}],"about":[{"href":"https:\/\/resilience-advise.com\/index.php\/wp-json\/wp\/v2\/types\/page"}],"author":[{"embeddable":true,"href":"https:\/\/resilience-advise.com\/index.php\/wp-json\/wp\/v2\/users\/1"}],"replies":[{"embeddable":true,"href":"https:\/\/resilience-advise.com\/index.php\/wp-json\/wp\/v2\/comments?post=15"}],"version-history":[{"count":6,"href":"https:\/\/resilience-advise.com\/index.php\/wp-json\/wp\/v2\/pages\/15\/revisions"}],"predecessor-version":[{"id":378,"href":"https:\/\/resilience-advise.com\/index.php\/wp-json\/wp\/v2\/pages\/15\/revisions\/378"}],"wp:attachment":[{"href":"https:\/\/resilience-advise.com\/index.php\/wp-json\/wp\/v2\/media?parent=15"}],"curies":[{"name":"wp","href":"https:\/\/api.w.org\/{rel}","templated":true}]}}