{"id":373,"date":"2025-01-08T21:13:02","date_gmt":"2025-01-08T20:13:02","guid":{"rendered":"https:\/\/resilience-advise.com\/?page_id=373"},"modified":"2025-01-08T21:13:02","modified_gmt":"2025-01-08T20:13:02","slug":"references","status":"publish","type":"page","link":"https:\/\/resilience-advise.com\/index.php\/references\/","title":{"rendered":"R\u00e9f\u00e9rences"},"content":{"rendered":"\n<div class=\"wp-block-columns is-layout-flex wp-container-core-columns-is-layout-9d6595d7 wp-block-columns-is-layout-flex\">\n<div class=\"wp-block-column is-layout-flow wp-block-column-is-layout-flow\">\n<figure class=\"wp-block-image size-large\"><img loading=\"lazy\" decoding=\"async\" width=\"853\" height=\"1024\" src=\"https:\/\/resilience-advise.com\/wp-content\/uploads\/2025\/01\/ampoule-ref-853x1024.png\" alt=\"\" class=\"wp-image-374\" srcset=\"https:\/\/resilience-advise.com\/wp-content\/uploads\/2025\/01\/ampoule-ref-853x1024.png 853w, https:\/\/resilience-advise.com\/wp-content\/uploads\/2025\/01\/ampoule-ref-250x300.png 250w, https:\/\/resilience-advise.com\/wp-content\/uploads\/2025\/01\/ampoule-ref-768x922.png 768w, https:\/\/resilience-advise.com\/wp-content\/uploads\/2025\/01\/ampoule-ref-1280x1536.png 1280w, https:\/\/resilience-advise.com\/wp-content\/uploads\/2025\/01\/ampoule-ref-1706x2048.png 1706w\" sizes=\"auto, (max-width: 853px) 100vw, 853px\" \/><\/figure>\n<\/div>\n\n\n\n<div class=\"wp-block-column is-vertically-aligned-center is-layout-flow wp-block-column-is-layout-flow\">\n<h2 class=\"wp-block-heading\">Exemples de projets r\u00e9alis\u00e9s (non exhaustifs)<\/h2>\n\n\n\n<ul class=\"wp-block-list\">\n<li>Capitalisation de projet de reforme de finances publique au Maroc pour Expertise France<\/li>\n\n\n\n<li>Capitalisation de programme \u00e0 la Direction G\u00e9n\u00e9rale des Imp\u00f4ts du B\u00e9nin pour Expertise France<\/li>\n\n\n\n<li>Evaluation sur le mod\u00e8le OCDE d&#8217;un projet Data &amp; Finances publiques au S\u00e9n\u00e9gal, en C\u00f4te d&#8217;Ivoire, au Cameroun, au Togo<\/li>\n\n\n\n<li>Capitalisation d&#8217;un projet Genre au Sahel<\/li>\n\n\n\n<li>Plan strat\u00e9gique d&#8217;engagement de la diaspora pour le Minist\u00e8re des Affaires \u00e9trang\u00e8res de C\u00f4te d&#8217;Ivoire<\/li>\n\n\n\n<li>Etude de faisabilit\u00e9 et structuration de projet pour l&#8217;AFD dans 5 pays d&#8217;Afrique<\/li>\n\n\n\n<li>Diagnostic de la situation des in\u00e9galit\u00e9s de genre au Sahel<\/li>\n\n\n\n<li>Diagnostic de la situation des in\u00e9galit\u00e9s dans le Golf de Guin\u00e9e<\/li>\n\n\n\n<li>Cartographie des acteurs du genre au Sahel<\/li>\n<\/ul>\n\n\n\n<div class=\"wp-block-buttons is-layout-flex wp-block-buttons-is-layout-flex\"><\/div>\n<\/div>\n<\/div>\n","protected":false},"excerpt":{"rendered":"<p>Exemples de projets r\u00e9alis\u00e9s (non exhaustifs)<\/p>\n","protected":false},"author":1,"featured_media":0,"parent":0,"menu_order":0,"comment_status":"closed","ping_status":"closed","template":"","meta":{"neve_meta_sidebar":"","neve_meta_container":"","neve_meta_enable_content_width":"","neve_meta_content_width":0,"neve_meta_title_alignment":"","neve_meta_author_avatar":"","neve_post_elements_order":"","neve_meta_disable_header":"","neve_meta_disable_footer":"","neve_meta_disable_title":"","_themeisle_gutenberg_block_has_review":false,"_ti_tpc_template_sync":false,"_ti_tpc_template_id":"","footnotes":""},"class_list":["post-373","page","type-page","status-publish","hentry"],"_links":{"self":[{"href":"https:\/\/resilience-advise.com\/index.php\/wp-json\/wp\/v2\/pages\/373","targetHints":{"allow":["GET"]}}],"collection":[{"href":"https:\/\/resilience-advise.com\/index.php\/wp-json\/wp\/v2\/pages"}],"about":[{"href":"https:\/\/resilience-advise.com\/index.php\/wp-json\/wp\/v2\/types\/page"}],"author":[{"embeddable":true,"href":"https:\/\/resilience-advise.com\/index.php\/wp-json\/wp\/v2\/users\/1"}],"replies":[{"embeddable":true,"href":"https:\/\/resilience-advise.com\/index.php\/wp-json\/wp\/v2\/comments?post=373"}],"version-history":[{"count":1,"href":"https:\/\/resilience-advise.com\/index.php\/wp-json\/wp\/v2\/pages\/373\/revisions"}],"predecessor-version":[{"id":375,"href":"https:\/\/resilience-advise.com\/index.php\/wp-json\/wp\/v2\/pages\/373\/revisions\/375"}],"wp:attachment":[{"href":"https:\/\/resilience-advise.com\/index.php\/wp-json\/wp\/v2\/media?parent=373"}],"curies":[{"name":"wp","href":"https:\/\/api.w.org\/{rel}","templated":true}]}}